{"id":17841,"date":"2018-12-10T07:06:13","date_gmt":"2018-12-10T07:06:13","guid":{"rendered":"https:\/\/enovathemes.com\/samatex\/?page_id=2"},"modified":"2025-01-09T16:41:04","modified_gmt":"2025-01-09T13:41:04","slug":"career","status":"publish","type":"page","link":"https:\/\/saricanglobal.com\/index.php\/career\/","title":{"rendered":"Bordrolama Hizmetleri"},"content":{"rendered":"[vc_row element_id=&#8221;142133&#8243; css=&#8221;.vc_custom_1736427649487{margin-top: 30px !important;}&#8221;][vc_column animation_delay=&#8221;0&#8243; width=&#8221;1\/2&#8243; element_id=&#8221;177829&#8243; crp=&#8221;480:i:i,480-768:i:i,768-1024:i:i,1024-1280:i:i,1280-1366:i:i,1366-1600:i:i,1600-1920:i:i&#8221;]<h1 class=\"et-heading text-align-center tablet-text-align-inherit mobile-text-align-inherit animate-false no-animation-type\" id=\"et-heading-678175\" data-delay=\"0\" data-mobile-font=\"inherit\" data-mobile-line-height=\"inherit\" data-tablet-landscape-font=\"inherit\" data-tablet-portrait-font=\"inherit\" data-tablet-landscape-line-height=\"inherit\" data-tablet-portrait-line-height=\"inherit\" data-parallax=\"false\" data-move=\"false\" data-coordinatex=\"0\" data-coordinatey=\"0\" data-speed=\"10\"><span class=\"text-wrapper\"><span class=\"text\">Bordrolama <span class=\"highlight\" style=\"color: #930909;\">Hizmetleri<\/span><\/span><\/span><\/h1><span class=\"et-gap et-clearfix et-gap-586410\"><\/span>[vc_column_text animation_delay=&#8221;0&#8243;]\n<p style=\"text-align: center;\">\u00c7al\u0131\u015fanlar\u0131n\u0131z\u0131n \u00e7al\u0131\u015fma g\u00fcnleri, fazla mesaileri, prim, ikramiye gibi ek \u00f6demeleri veya kesintilerinin hesaplanmas\u0131nda profesyonel bir deste\u011fe mi ihtiyac\u0131n\u0131z var? T\u00fcm bu s\u00fcre\u00e7leri uzman ekibimize b\u0131rak\u0131n ve bordro, SGK i\u015flemlerinizin g\u00fcvenilir ellerde oldu\u011fundan emin olun!<\/p>\n<p style=\"text-align: center;\">Dijital sistemlerimiz sayesinde \u00e7al\u0131\u015fanlar\u0131n\u0131z\u0131n \u00f6zl\u00fck bilgilerini ve bordro kay\u0131tlar\u0131n\u0131 kolayca y\u00f6netiyoruz. Personel \u00fccretlendirme, maliyet analizleri ve b\u00fct\u00e7e planlamas\u0131 konular\u0131nda profesyonel destek sunarak i\u015f s\u00fcre\u00e7lerinizi daha verimli hale getiriyoruz. Sar\u0131can Global bordrolama hizmetleriyle i\u015f y\u00fck\u00fcn\u00fcz\u00fc hafifletiyor, zaman ve maliyetten tasarruf etmenizi sa\u011fl\u0131yoruz!<\/p>\n<p style=\"text-align: center;\">Bordro s\u00fcre\u00e7lerinizi optimize etmek ve finansal yap\u0131land\u0131rman\u0131z i\u00e7in uzman bir \u00e7\u00f6z\u00fcm ar\u0131yorsan\u0131z, hemen bizimle ileti\u015fime ge\u00e7in!<\/p>\n[\/vc_column_text]<span class=\"et-gap et-clearfix et-gap-586410\"><\/span>[\/vc_column][vc_column width=&#8221;1\/2&#8243;]<span class=\"et-gap et-clearfix et-gap-586410\"><\/span><span class=\"et-gap et-clearfix et-gap-586410\"><\/span>[vc_single_image image=&#8221;18031&#8243; img_size=&#8221;full&#8221; style=&#8221;vc_box_rounded&#8221;][\/vc_column][\/vc_row][vc_row][vc_column]<span class=\"et-gap et-clearfix et-gap-586410\"><\/span>[vc_text_separator title=&#8221;Personel \u00d6zl\u00fck Evraklar\u0131n\u0131n D\u00fczenlenmesi&#8221; color=&#8221;black&#8221; style=&#8221;dashed&#8221; border_width=&#8221;3&#8243;]<span class=\"et-gap et-clearfix et-gap-586410\"><\/span>[\/vc_column][\/vc_row][vc_row element_id=&#8221;142133&#8243; css=&#8221;.vc_custom_1736427649487{margin-top: 30px !important;}&#8221;][vc_column animation_delay=&#8221;0&#8243; width=&#8221;1\/2&#8243; element_id=&#8221;177829&#8243; crp=&#8221;480:i:i,480-768:i:i,768-1024:i:i,1024-1280:i:i,1280-1366:i:i,1366-1600:i:i,1600-1920:i:i&#8221;]<span class=\"et-gap et-clearfix et-gap-586410\"><\/span>[vc_single_image image=&#8221;18042&#8243; img_size=&#8221;600&#215;400&#8243; style=&#8221;vc_box_rounded&#8221;]<span class=\"et-gap et-clearfix et-gap-586410\"><\/span>[\/vc_column][vc_column width=&#8221;1\/2&#8243;]<h1 class=\"et-heading text-align-center tablet-text-align-inherit mobile-text-align-inherit animate-false no-animation-type\" id=\"et-heading-287182\" data-delay=\"0\" data-mobile-font=\"inherit\" data-mobile-line-height=\"inherit\" data-tablet-landscape-font=\"inherit\" data-tablet-portrait-font=\"inherit\" data-tablet-landscape-line-height=\"inherit\" data-tablet-portrait-line-height=\"inherit\" data-parallax=\"false\" data-move=\"false\" data-coordinatex=\"0\" data-coordinatey=\"0\" data-speed=\"10\"><span class=\"text-wrapper\"><span class=\"text\">Personel \u00d6zl\u00fck Dosyalar\u0131n\u0131n <span class=\"highlight\" style=\"color: #930909;\">Haz\u0131rlanmas\u0131<\/span><\/span><\/span><\/h1><span class=\"et-gap et-clearfix et-gap-586410\"><\/span>[vc_column_text animation_delay=&#8221;0&#8243;]\n<p style=\"text-align: center;\">Sar\u0131can Global olarak personel \u00f6zl\u00fck y\u00f6netimi s\u00fcre\u00e7lerinde firman\u0131za profesyonel destek sa\u011fl\u0131yor, zaman ve i\u015f g\u00fcc\u00fc kayb\u0131n\u0131 minimuma indiriyoruz!<\/p>\n<p style=\"text-align: center;\">\u00c7al\u0131\u015fanlar\u0131n\u0131z\u0131n i\u015fe giri\u015f ve \u00e7\u0131k\u0131\u015f i\u015flemlerini takip ediyor, \u00f6zl\u00fck bilgilerini g\u00fcvenli bir \u015fekilde kaydediyor ve muhafaza ediyoruz. Ki\u015fisel Verilerin Korunmas\u0131 Kanunu (KVKK) kapsam\u0131nda ihlallerin \u00f6n\u00fcne ge\u00e7iyor, SGK ve di\u011fer resmi kurumlara gerekli bildirimlerin eksiksiz yap\u0131lmas\u0131n\u0131 sa\u011fl\u0131yoruz.<\/p>\n<p style=\"text-align: center;\">\u0130\u015f Kanunu ve SGK mevzuatlar\u0131na tam uyumlu bir \u015fekilde personel \u00f6zl\u00fck dosyalar\u0131n\u0131z\u0131 d\u00fczenliyor, t\u00fcm s\u00fcre\u00e7lerinizi e\u015f zamanl\u0131 olarak y\u00f6netiyoruz. Etkili ve g\u00fcvenilir bir personel \u00f6zl\u00fck y\u00f6netimi i\u00e7in do\u011fru adrestesiniz!<\/p>\n[\/vc_column_text]<span class=\"et-gap et-clearfix et-gap-586410\"><\/span>[\/vc_column][\/vc_row]\n","protected":false},"excerpt":{"rendered":"<p>[vc_row element_id=&#8221;142133&#8243; css=&#8221;.vc_custom_1736427649487{margin-top: 30px !important;}&#8221;][vc_column animation_delay=&#8221;0&#8243; width=&#8221;1\/2&#8243; element_id=&#8221;177829&#8243; crp=&#8221;480:i:i,480-768:i:i,768-1024:i:i,1024-1280:i:i,1280-1366:i:i,1366-1600:i:i,1600-1920:i:i&#8221;][vc_column_text animation_delay=&#8221;0&#8243;] \u00c7al\u0131\u015fanlar\u0131n\u0131z\u0131n \u00e7al\u0131\u015fma g\u00fcnleri, fazla mesaileri, prim, ikramiye gibi ek \u00f6demeleri veya kesintilerinin hesaplanmas\u0131nda profesyonel bir deste\u011fe mi ihtiyac\u0131n\u0131z var? T\u00fcm bu s\u00fcre\u00e7leri uzman ekibimize b\u0131rak\u0131n ve bordro, SGK i\u015flemlerinizin g\u00fcvenilir ellerde oldu\u011fundan emin olun! Dijital sistemlerimiz sayesinde \u00e7al\u0131\u015fanlar\u0131n\u0131z\u0131n \u00f6zl\u00fck bilgilerini ve bordro kay\u0131tlar\u0131n\u0131 kolayca y\u00f6netiyoruz. [&hellip;]<\/p>\n","protected":false},"author":1,"featured_media":0,"parent":0,"menu_order":0,"comment_status":"closed","ping_status":"closed","template":"page-vc.php","meta":{"footnotes":""},"class_list":["post-17841","page","type-page","status-publish","hentry"],"_links":{"self":[{"href":"https:\/\/saricanglobal.com\/index.php\/wp-json\/wp\/v2\/pages\/17841","targetHints":{"allow":["GET"]}}],"collection":[{"href":"https:\/\/saricanglobal.com\/index.php\/wp-json\/wp\/v2\/pages"}],"about":[{"href":"https:\/\/saricanglobal.com\/index.php\/wp-json\/wp\/v2\/types\/page"}],"author":[{"embeddable":true,"href":"https:\/\/saricanglobal.com\/index.php\/wp-json\/wp\/v2\/users\/1"}],"replies":[{"embeddable":true,"href":"https:\/\/saricanglobal.com\/index.php\/wp-json\/wp\/v2\/comments?post=17841"}],"version-history":[{"count":34,"href":"https:\/\/saricanglobal.com\/index.php\/wp-json\/wp\/v2\/pages\/17841\/revisions"}],"predecessor-version":[{"id":18045,"href":"https:\/\/saricanglobal.com\/index.php\/wp-json\/wp\/v2\/pages\/17841\/revisions\/18045"}],"wp:attachment":[{"href":"https:\/\/saricanglobal.com\/index.php\/wp-json\/wp\/v2\/media?parent=17841"}],"curies":[{"name":"wp","href":"https:\/\/api.w.org\/{rel}","templated":true}]}}